{"id":486,"date":"2024-07-13T00:34:55","date_gmt":"2024-07-12T21:34:55","guid":{"rendered":"https:\/\/webeclipse.ee\/contact\/"},"modified":"2025-05-05T17:28:56","modified_gmt":"2025-05-05T14:28:56","slug":"kontakt","status":"publish","type":"page","link":"https:\/\/webeclipse.ee\/et\/kontakt\/","title":{"rendered":"Kontakt"},"content":{"rendered":"\t\t<div data-elementor-type=\"wp-page\" data-elementor-id=\"486\" class=\"elementor elementor-486 elementor-215\" data-elementor-post-type=\"page\">\n\t\t\t\t\t\t<section class=\"elementor-section elementor-top-section elementor-element elementor-element-b82cf3d elementor-section-boxed elementor-section-height-default elementor-section-height-default wpr-particle-no wpr-jarallax-no wpr-parallax-no wpr-sticky-section-no\" data-id=\"b82cf3d\" data-element_type=\"section\" data-e-type=\"section\">\n\t\t\t\t\t\t<div class=\"elementor-container elementor-column-gap-default\">\n\t\t\t\t\t<div class=\"elementor-column elementor-col-100 elementor-top-column elementor-element elementor-element-90cbf10\" data-id=\"90cbf10\" data-element_type=\"column\" data-e-type=\"column\">\n\t\t\t<div class=\"elementor-widget-wrap elementor-element-populated\">\n\t\t\t\t\t\t<div class=\"elementor-element elementor-element-6c81028 wpr-fancy-text-push wpr-advanced-text-style-animated wpr-animated-text-infinite-yes elementor-widget elementor-widget-wpr-advanced-text\" data-id=\"6c81028\" data-element_type=\"widget\" data-e-type=\"widget\" data-settings=\"{&quot;anim_loop&quot;:&quot;yes&quot;}\" data-widget_type=\"wpr-advanced-text.default\">\n\t\t\t\t<div class=\"elementor-widget-container\">\n\t\t\t\t\t\n\t\t<h1 class=\"wpr-advanced-text\">\n\n\t\t\t\t\t\n\t\t\t\t\t\t\t<span class=\"wpr-advanced-text-preffix\">Kontakt<\/span>\n\t\t\t\n\t\t<span class=\"wpr-anim-text wpr-anim-text-type-push\" data-anim-duration=\"1000,10000\" data-anim-loop=\"yes\">\n\t\t\t<span class=\"wpr-anim-text-inner\">\n\t\t\t\t\t\t\t<\/span>\n\t\t\t\t\t<\/span>\n\n\t\t\t\t\n\t\t<\/h1>\n\t\t\n\t\t\t\t\t\t<\/div>\n\t\t\t\t<\/div>\n\t\t\t\t<div class=\"elementor-element elementor-element-48db536 elementor-widget elementor-widget-text-editor\" data-id=\"48db536\" data-element_type=\"widget\" data-e-type=\"widget\" data-widget_type=\"text-editor.default\">\n\t\t\t\t<div class=\"elementor-widget-container\">\n\t\t\t\t\t\t\t\t\t<p>V\u00f5tke meiega \u00fchendust isegi kui teil on v\u00e4ike k\u00fcsimus.<\/p>\t\t\t\t\t\t\t\t<\/div>\n\t\t\t\t<\/div>\n\t\t\t\t\t<\/div>\n\t\t<\/div>\n\t\t\t\t\t<\/div>\n\t\t<\/section>\n\t\t\t\t<section class=\"elementor-section elementor-top-section elementor-element elementor-element-6018190 elementor-section-boxed elementor-section-height-default elementor-section-height-default wpr-particle-no wpr-jarallax-no wpr-parallax-no wpr-sticky-section-no\" data-id=\"6018190\" data-element_type=\"section\" data-e-type=\"section\">\n\t\t\t\t\t\t<div class=\"elementor-container elementor-column-gap-default\">\n\t\t\t\t\t<div class=\"elementor-column elementor-col-33 elementor-top-column elementor-element elementor-element-625d10d\" data-id=\"625d10d\" data-element_type=\"column\" data-e-type=\"column\">\n\t\t\t<div class=\"elementor-widget-wrap elementor-element-populated\">\n\t\t\t\t\t\t<div class=\"elementor-element elementor-element-3eec487 elementor-view-stacked elementor-shape-circle elementor-position-block-start elementor-mobile-position-block-start elementor-widget elementor-widget-icon-box\" data-id=\"3eec487\" data-element_type=\"widget\" data-e-type=\"widget\" data-widget_type=\"icon-box.default\">\n\t\t\t\t<div class=\"elementor-widget-container\">\n\t\t\t\t\t\t\t<div class=\"elementor-icon-box-wrapper\">\n\n\t\t\t\t\t\t<div class=\"elementor-icon-box-icon\">\n\t\t\t\t<a href=\"tel:+37258123282\" class=\"elementor-icon elementor-animation-grow\" tabindex=\"-1\" aria-label=\"+372 5812 3282\">\n\t\t\t\t<svg aria-hidden=\"true\" class=\"e-font-icon-svg e-fas-phone-alt\" viewBox=\"0 0 512 512\" xmlns=\"http:\/\/www.w3.org\/2000\/svg\"><path d=\"M497.39 361.8l-112-48a24 24 0 0 0-28 6.9l-49.6 60.6A370.66 370.66 0 0 1 130.6 204.11l60.6-49.6a23.94 23.94 0 0 0 6.9-28l-48-112A24.16 24.16 0 0 0 122.6.61l-104 24A24 24 0 0 0 0 48c0 256.5 207.9 464 464 464a24 24 0 0 0 23.4-18.6l24-104a24.29 24.29 0 0 0-14.01-27.6z\"><\/path><\/svg>\t\t\t\t<\/a>\n\t\t\t<\/div>\n\t\t\t\n\t\t\t\t\t\t<div class=\"elementor-icon-box-content\">\n\n\t\t\t\t\t\t\t\t\t<h3 class=\"elementor-icon-box-title\">\n\t\t\t\t\t\t<a href=\"tel:+37258123282\" >\n\t\t\t\t\t\t\t+372 5812 3282\t\t\t\t\t\t<\/a>\n\t\t\t\t\t<\/h3>\n\t\t\t\t\n\t\t\t\t\n\t\t\t<\/div>\n\t\t\t\n\t\t<\/div>\n\t\t\t\t\t\t<\/div>\n\t\t\t\t<\/div>\n\t\t\t\t\t<\/div>\n\t\t<\/div>\n\t\t\t\t<div class=\"elementor-column elementor-col-33 elementor-top-column elementor-element elementor-element-677d447\" data-id=\"677d447\" data-element_type=\"column\" data-e-type=\"column\">\n\t\t\t<div class=\"elementor-widget-wrap elementor-element-populated\">\n\t\t\t\t\t\t<div class=\"elementor-element elementor-element-8e9a0da elementor-view-stacked elementor-shape-circle elementor-position-block-start elementor-mobile-position-block-start elementor-widget elementor-widget-icon-box\" data-id=\"8e9a0da\" data-element_type=\"widget\" data-e-type=\"widget\" data-widget_type=\"icon-box.default\">\n\t\t\t\t<div class=\"elementor-widget-container\">\n\t\t\t\t\t\t\t<div class=\"elementor-icon-box-wrapper\">\n\n\t\t\t\t\t\t<div class=\"elementor-icon-box-icon\">\n\t\t\t\t<a href=\"mailto:info@webeclipse.ee\" class=\"elementor-icon elementor-animation-grow\" tabindex=\"-1\" aria-label=\"info@webeclipse.ee\">\n\t\t\t\t<svg aria-hidden=\"true\" class=\"e-font-icon-svg e-fas-envelope\" viewBox=\"0 0 512 512\" xmlns=\"http:\/\/www.w3.org\/2000\/svg\"><path d=\"M502.3 190.8c3.9-3.1 9.7-.2 9.7 4.7V400c0 26.5-21.5 48-48 48H48c-26.5 0-48-21.5-48-48V195.6c0-5 5.7-7.8 9.7-4.7 22.4 17.4 52.1 39.5 154.1 113.6 21.1 15.4 56.7 47.8 92.2 47.6 35.7.3 72-32.8 92.3-47.6 102-74.1 131.6-96.3 154-113.7zM256 320c23.2.4 56.6-29.2 73.4-41.4 132.7-96.3 142.8-104.7 173.4-128.7 5.8-4.5 9.2-11.5 9.2-18.9v-19c0-26.5-21.5-48-48-48H48C21.5 64 0 85.5 0 112v19c0 7.4 3.4 14.3 9.2 18.9 30.6 23.9 40.7 32.4 173.4 128.7 16.8 12.2 50.2 41.8 73.4 41.4z\"><\/path><\/svg>\t\t\t\t<\/a>\n\t\t\t<\/div>\n\t\t\t\n\t\t\t\t\t\t<div class=\"elementor-icon-box-content\">\n\n\t\t\t\t\t\t\t\t\t<h3 class=\"elementor-icon-box-title\">\n\t\t\t\t\t\t<a href=\"mailto:info@webeclipse.ee\" >\n\t\t\t\t\t\t\tinfo@webeclipse.ee\t\t\t\t\t\t<\/a>\n\t\t\t\t\t<\/h3>\n\t\t\t\t\n\t\t\t\t\n\t\t\t<\/div>\n\t\t\t\n\t\t<\/div>\n\t\t\t\t\t\t<\/div>\n\t\t\t\t<\/div>\n\t\t\t\t\t<\/div>\n\t\t<\/div>\n\t\t\t\t<div class=\"elementor-column elementor-col-33 elementor-top-column elementor-element elementor-element-7b98212\" data-id=\"7b98212\" data-element_type=\"column\" data-e-type=\"column\">\n\t\t\t<div class=\"elementor-widget-wrap elementor-element-populated\">\n\t\t\t\t\t\t<div class=\"elementor-element elementor-element-e71ee62 elementor-view-stacked elementor-shape-circle elementor-position-block-start elementor-mobile-position-block-start elementor-widget elementor-widget-icon-box\" data-id=\"e71ee62\" data-element_type=\"widget\" data-e-type=\"widget\" data-widget_type=\"icon-box.default\">\n\t\t\t\t<div class=\"elementor-widget-container\">\n\t\t\t\t\t\t\t<div class=\"elementor-icon-box-wrapper\">\n\n\t\t\t\t\t\t<div class=\"elementor-icon-box-icon\">\n\t\t\t\t<span  class=\"elementor-icon elementor-animation-grow\">\n\t\t\t\t<svg aria-hidden=\"true\" class=\"e-font-icon-svg e-fas-clock\" viewBox=\"0 0 512 512\" xmlns=\"http:\/\/www.w3.org\/2000\/svg\"><path d=\"M256,8C119,8,8,119,8,256S119,504,256,504,504,393,504,256,393,8,256,8Zm92.49,313h0l-20,25a16,16,0,0,1-22.49,2.5h0l-67-49.72a40,40,0,0,1-15-31.23V112a16,16,0,0,1,16-16h32a16,16,0,0,1,16,16V256l58,42.5A16,16,0,0,1,348.49,321Z\"><\/path><\/svg>\t\t\t\t<\/span>\n\t\t\t<\/div>\n\t\t\t\n\t\t\t\t\t\t<div class=\"elementor-icon-box-content\">\n\n\t\t\t\t\t\t\t\t\t<h3 class=\"elementor-icon-box-title\">\n\t\t\t\t\t\t<span  >\n\t\t\t\t\t\t\tE\u2013 R: 9:00-17:00\t\t\t\t\t\t<\/span>\n\t\t\t\t\t<\/h3>\n\t\t\t\t\n\t\t\t\t\n\t\t\t<\/div>\n\t\t\t\n\t\t<\/div>\n\t\t\t\t\t\t<\/div>\n\t\t\t\t<\/div>\n\t\t\t\t\t<\/div>\n\t\t<\/div>\n\t\t\t\t\t<\/div>\n\t\t<\/section>\n\t\t\t\t<section class=\"elementor-section elementor-top-section elementor-element elementor-element-39ed0e9 elementor-section-height-min-height elementor-section-boxed elementor-section-height-default elementor-section-items-middle wpr-particle-no wpr-parallax-no wpr-sticky-section-no\" data-id=\"39ed0e9\" data-element_type=\"section\" data-e-type=\"section\">\n\t\t\t\t\t\t<div class=\"elementor-container elementor-column-gap-default\">\n\t\t\t\t\t<div class=\"elementor-column elementor-col-100 elementor-top-column elementor-element elementor-element-61e35cb\" data-id=\"61e35cb\" data-element_type=\"column\" data-e-type=\"column\">\n\t\t\t<div class=\"elementor-widget-wrap elementor-element-populated\">\n\t\t\t\t\t\t<div class=\"elementor-element elementor-element-3aefe6e elementor-button-align-start elementor-widget elementor-widget-form\" data-id=\"3aefe6e\" data-element_type=\"widget\" data-e-type=\"widget\" data-settings=\"{&quot;step_next_label&quot;:&quot;Next&quot;,&quot;step_previous_label&quot;:&quot;Previous&quot;,&quot;button_width&quot;:&quot;100&quot;,&quot;step_type&quot;:&quot;number_text&quot;,&quot;step_icon_shape&quot;:&quot;circle&quot;}\" data-widget_type=\"form.default\">\n\t\t\t\t<div class=\"elementor-widget-container\">\n\t\t\t\t\t\t\t<form class=\"elementor-form\" method=\"post\" name=\"Contact\">\n\t\t\t<input type=\"hidden\" name=\"post_id\" value=\"486\"\/>\n\t\t\t<input type=\"hidden\" name=\"form_id\" value=\"3aefe6e\"\/>\n\t\t\t<input type=\"hidden\" name=\"referer_title\" value=\"V\u00f5ta meiega \u00fchendust! | WEBECLIPSE\" \/>\n\n\t\t\t\t\t\t\t<input type=\"hidden\" name=\"queried_id\" value=\"486\"\/>\n\t\t\t\n\t\t\t<div class=\"elementor-form-fields-wrapper elementor-labels-above\">\n\t\t\t\t\t\t\t\t<div class=\"elementor-field-type-text elementor-field-group elementor-column elementor-field-group-name elementor-col-100 elementor-field-required\">\n\t\t\t\t\t\t\t\t\t\t\t\t<label for=\"form-field-name\" class=\"elementor-field-label\">\n\t\t\t\t\t\t\t\tNimi\t\t\t\t\t\t\t<\/label>\n\t\t\t\t\t\t\t\t\t\t\t\t\t\t<input size=\"1\" type=\"text\" name=\"form_fields[name]\" id=\"form-field-name\" class=\"elementor-field elementor-size-sm  elementor-field-textual\" required=\"required\" aria-required=\"true\">\n\t\t\t\t\t\t\t\t\t\t\t<\/div>\n\t\t\t\t\t\t\t\t<div class=\"elementor-field-type-email elementor-field-group elementor-column elementor-field-group-email elementor-col-100 elementor-field-required\">\n\t\t\t\t\t\t\t\t\t\t\t\t<label for=\"form-field-email\" class=\"elementor-field-label\">\n\t\t\t\t\t\t\t\tEmail\t\t\t\t\t\t\t<\/label>\n\t\t\t\t\t\t\t\t\t\t\t\t\t\t<input size=\"1\" type=\"email\" name=\"form_fields[email]\" id=\"form-field-email\" class=\"elementor-field elementor-size-sm  elementor-field-textual\" required=\"required\" aria-required=\"true\">\n\t\t\t\t\t\t\t\t\t\t\t<\/div>\n\t\t\t\t\t\t\t\t<div class=\"elementor-field-type-tel elementor-field-group elementor-column elementor-field-group-field_bf9440c elementor-col-100\">\n\t\t\t\t\t\t\t\t\t\t\t\t<label for=\"form-field-field_bf9440c\" class=\"elementor-field-label\">\n\t\t\t\t\t\t\t\tTelefon\t\t\t\t\t\t\t<\/label>\n\t\t\t\t\t\t\t\t<input size=\"1\" type=\"tel\" name=\"form_fields[field_bf9440c]\" id=\"form-field-field_bf9440c\" class=\"elementor-field elementor-size-sm  elementor-field-textual\" pattern=\"[0-9()#&amp;+*-=.]+\" title=\"Only numbers and phone characters (#, -, *, etc) are accepted.\">\n\n\t\t\t\t\t\t<\/div>\n\t\t\t\t\t\t\t\t<div class=\"elementor-field-type-textarea elementor-field-group elementor-column elementor-field-group-message elementor-col-100 elementor-field-required\">\n\t\t\t\t\t\t\t\t\t\t\t\t<label for=\"form-field-message\" class=\"elementor-field-label\">\n\t\t\t\t\t\t\t\tS\u00f5num\t\t\t\t\t\t\t<\/label>\n\t\t\t\t\t\t<textarea class=\"elementor-field-textual elementor-field  elementor-size-sm\" name=\"form_fields[message]\" id=\"form-field-message\" rows=\"4\" required=\"required\" aria-required=\"true\"><\/textarea>\t\t\t\t<\/div>\n\t\t\t\t\t\t\t\t<div class=\"elementor-field-type-recaptcha_v3 elementor-field-group elementor-column elementor-field-group-field_1bd5ca7 elementor-col-100 recaptcha_v3-bottomright\">\n\t\t\t\t\t<div class=\"elementor-field\" id=\"form-field-field_1bd5ca7\"><div class=\"elementor-g-recaptcha\" data-sitekey=\"6LcN8A8qAAAAAGeszFl9gWHels8hSnUsyAyx8q8A\" data-type=\"v3\" data-action=\"Form\" data-badge=\"bottomright\" data-size=\"invisible\"><\/div><\/div>\t\t\t\t<\/div>\n\t\t\t\t\t\t\t\t<div class=\"elementor-field-group elementor-column elementor-field-type-submit elementor-col-100 e-form__buttons\">\n\t\t\t\t\t<button class=\"elementor-button elementor-size-sm\" type=\"submit\">\n\t\t\t\t\t\t<span class=\"elementor-button-content-wrapper\">\n\t\t\t\t\t\t\t\t\t\t\t\t\t\t\t\t\t\t\t\t\t\t<span class=\"elementor-button-text\">Saada<\/span>\n\t\t\t\t\t\t\t\t\t\t\t\t\t<\/span>\n\t\t\t\t\t<\/button>\n\t\t\t\t<\/div>\n\t\t\t<\/div>\n\t\t<\/form>\n\t\t\t\t\t\t<\/div>\n\t\t\t\t<\/div>\n\t\t\t\t\t<\/div>\n\t\t<\/div>\n\t\t\t\t\t<\/div>\n\t\t<\/section>\n\t\t\t\t<\/div>\n\t\t","protected":false},"excerpt":{"rendered":"<p>Kontakt V\u00f5tke meiega \u00fchendust isegi kui teil on v\u00e4ike k\u00fcsimus. +372 5812 3282 info@webeclipse.ee E\u2013 R: 9:00-17:00<\/p>\n","protected":false},"author":1,"featured_media":843,"parent":0,"menu_order":0,"comment_status":"closed","ping_status":"closed","template":"elementor_header_footer","meta":{"footnotes":""},"class_list":["post-486","page","type-page","status-publish","has-post-thumbnail","hentry"],"yoast_head":"<!-- This site is optimized with the Yoast SEO Premium plugin v23.0 (Yoast SEO v27.3) - https:\/\/yoast.com\/product\/yoast-seo-premium-wordpress\/ -->\n<title>V\u00f5ta meiega \u00fchendust! | WEBECLIPSE<\/title>\n<meta name=\"description\" content=\"Kontaktid WEBECLIPSE&#039;is. K\u00fcsi lisainfot meie veebiarenduse ja -disaini teenuste kohta. Oleme valmis aitama teie ideed ellu viia!\" \/>\n<meta name=\"robots\" content=\"index, follow, max-snippet:-1, max-image-preview:large, max-video-preview:-1\" \/>\n<link rel=\"canonical\" href=\"https:\/\/webeclipse.ee\/et\/kontakt\/\" \/>\n<meta property=\"og:locale\" content=\"et_EE\" \/>\n<meta property=\"og:type\" content=\"article\" \/>\n<meta property=\"og:title\" content=\"Kontakt\" \/>\n<meta property=\"og:description\" content=\"Kontaktid WEBECLIPSE&#039;is. K\u00fcsi lisainfot meie veebiarenduse ja -disaini teenuste kohta. Oleme valmis aitama teie ideed ellu viia!\" \/>\n<meta property=\"og:url\" content=\"https:\/\/webeclipse.ee\/et\/kontakt\/\" \/>\n<meta property=\"og:site_name\" content=\"WEBECLIPSE\" \/>\n<meta property=\"article:modified_time\" content=\"2025-05-05T14:28:56+00:00\" \/>\n<meta property=\"og:image\" content=\"https:\/\/webeclipse.ee\/wp-content\/uploads\/2024\/07\/webeclipse-photo-1024x768.png\" \/>\n\t<meta property=\"og:image:width\" content=\"1024\" \/>\n\t<meta property=\"og:image:height\" content=\"768\" \/>\n\t<meta property=\"og:image:type\" content=\"image\/png\" \/>\n<meta name=\"twitter:card\" content=\"summary_large_image\" \/>\n<meta name=\"twitter:label1\" content=\"Est. reading time\" \/>\n\t<meta name=\"twitter:data1\" content=\"1 minut\" \/>\n<script type=\"application\/ld+json\" class=\"yoast-schema-graph\">{\"@context\":\"https:\\\/\\\/schema.org\",\"@graph\":[{\"@type\":[\"WebPage\",\"ContactPage\"],\"@id\":\"https:\\\/\\\/webeclipse.ee\\\/et\\\/kontakt\\\/\",\"url\":\"https:\\\/\\\/webeclipse.ee\\\/et\\\/kontakt\\\/\",\"name\":\"V\u00f5ta meiega \u00fchendust! | WEBECLIPSE\",\"isPartOf\":{\"@id\":\"https:\\\/\\\/webeclipse.ee\\\/et\\\/#website\"},\"primaryImageOfPage\":{\"@id\":\"https:\\\/\\\/webeclipse.ee\\\/et\\\/kontakt\\\/#primaryimage\"},\"image\":{\"@id\":\"https:\\\/\\\/webeclipse.ee\\\/et\\\/kontakt\\\/#primaryimage\"},\"thumbnailUrl\":\"https:\\\/\\\/webeclipse.ee\\\/wp-content\\\/uploads\\\/2024\\\/07\\\/webeclipse-photo.png\",\"datePublished\":\"2024-07-12T21:34:55+00:00\",\"dateModified\":\"2025-05-05T14:28:56+00:00\",\"description\":\"Kontaktid WEBECLIPSE'is. K\u00fcsi lisainfot meie veebiarenduse ja -disaini teenuste kohta. Oleme valmis aitama teie ideed ellu viia!\",\"breadcrumb\":{\"@id\":\"https:\\\/\\\/webeclipse.ee\\\/et\\\/kontakt\\\/#breadcrumb\"},\"inLanguage\":\"et\",\"potentialAction\":[{\"@type\":\"ReadAction\",\"target\":[\"https:\\\/\\\/webeclipse.ee\\\/et\\\/kontakt\\\/\"]}]},{\"@type\":\"ImageObject\",\"inLanguage\":\"et\",\"@id\":\"https:\\\/\\\/webeclipse.ee\\\/et\\\/kontakt\\\/#primaryimage\",\"url\":\"https:\\\/\\\/webeclipse.ee\\\/wp-content\\\/uploads\\\/2024\\\/07\\\/webeclipse-photo.png\",\"contentUrl\":\"https:\\\/\\\/webeclipse.ee\\\/wp-content\\\/uploads\\\/2024\\\/07\\\/webeclipse-photo.png\",\"width\":2560,\"height\":1920,\"caption\":\"webeclipse photo\"},{\"@type\":\"BreadcrumbList\",\"@id\":\"https:\\\/\\\/webeclipse.ee\\\/et\\\/kontakt\\\/#breadcrumb\",\"itemListElement\":[{\"@type\":\"ListItem\",\"position\":1,\"name\":\"Home\",\"item\":\"https:\\\/\\\/webeclipse.ee\\\/et\\\/esileht\\\/\"},{\"@type\":\"ListItem\",\"position\":2,\"name\":\"Kontakt\"}]},{\"@type\":\"WebSite\",\"@id\":\"https:\\\/\\\/webeclipse.ee\\\/et\\\/#website\",\"url\":\"https:\\\/\\\/webeclipse.ee\\\/et\\\/\",\"name\":\"WEBECLIPSE\",\"description\":\"Building Websites from Vision to Reality\",\"publisher\":{\"@id\":\"https:\\\/\\\/webeclipse.ee\\\/et\\\/#organization\"},\"potentialAction\":[{\"@type\":\"SearchAction\",\"target\":{\"@type\":\"EntryPoint\",\"urlTemplate\":\"https:\\\/\\\/webeclipse.ee\\\/et\\\/?s={search_term_string}\"},\"query-input\":{\"@type\":\"PropertyValueSpecification\",\"valueRequired\":true,\"valueName\":\"search_term_string\"}}],\"inLanguage\":\"et\"},{\"@type\":\"Organization\",\"@id\":\"https:\\\/\\\/webeclipse.ee\\\/et\\\/#organization\",\"name\":\"WEBECLIPSE O\u00dc\",\"url\":\"https:\\\/\\\/webeclipse.ee\\\/et\\\/\",\"logo\":{\"@type\":\"ImageObject\",\"inLanguage\":\"et\",\"@id\":\"https:\\\/\\\/webeclipse.ee\\\/et\\\/#\\\/schema\\\/logo\\\/image\\\/\",\"url\":\"https:\\\/\\\/webeclipse.ee\\\/wp-content\\\/uploads\\\/2024\\\/07\\\/webeclipse-logo.png\",\"contentUrl\":\"https:\\\/\\\/webeclipse.ee\\\/wp-content\\\/uploads\\\/2024\\\/07\\\/webeclipse-logo.png\",\"width\":701,\"height\":185,\"caption\":\"WEBECLIPSE O\u00dc\"},\"image\":{\"@id\":\"https:\\\/\\\/webeclipse.ee\\\/et\\\/#\\\/schema\\\/logo\\\/image\\\/\"},\"sameAs\":[\"https:\\\/\\\/www.instagram.com\\\/webeclipse.ee\\\/\"],\"publishingPrinciples\":\"https:\\\/\\\/webeclipse.ee\\\/home\\\/\"}]}<\/script>\n<!-- \/ Yoast SEO Premium plugin. -->","yoast_head_json":{"title":"V\u00f5ta meiega \u00fchendust! | WEBECLIPSE","description":"Kontaktid WEBECLIPSE'is. K\u00fcsi lisainfot meie veebiarenduse ja -disaini teenuste kohta. Oleme valmis aitama teie ideed ellu viia!","robots":{"index":"index","follow":"follow","max-snippet":"max-snippet:-1","max-image-preview":"max-image-preview:large","max-video-preview":"max-video-preview:-1"},"canonical":"https:\/\/webeclipse.ee\/et\/kontakt\/","og_locale":"et_EE","og_type":"article","og_title":"Kontakt","og_description":"Kontaktid WEBECLIPSE'is. K\u00fcsi lisainfot meie veebiarenduse ja -disaini teenuste kohta. Oleme valmis aitama teie ideed ellu viia!","og_url":"https:\/\/webeclipse.ee\/et\/kontakt\/","og_site_name":"WEBECLIPSE","article_modified_time":"2025-05-05T14:28:56+00:00","og_image":[{"width":1024,"height":768,"url":"https:\/\/webeclipse.ee\/wp-content\/uploads\/2024\/07\/webeclipse-photo-1024x768.png","type":"image\/png"}],"twitter_card":"summary_large_image","twitter_misc":{"Est. reading time":"1 minut"},"schema":{"@context":"https:\/\/schema.org","@graph":[{"@type":["WebPage","ContactPage"],"@id":"https:\/\/webeclipse.ee\/et\/kontakt\/","url":"https:\/\/webeclipse.ee\/et\/kontakt\/","name":"V\u00f5ta meiega \u00fchendust! | WEBECLIPSE","isPartOf":{"@id":"https:\/\/webeclipse.ee\/et\/#website"},"primaryImageOfPage":{"@id":"https:\/\/webeclipse.ee\/et\/kontakt\/#primaryimage"},"image":{"@id":"https:\/\/webeclipse.ee\/et\/kontakt\/#primaryimage"},"thumbnailUrl":"https:\/\/webeclipse.ee\/wp-content\/uploads\/2024\/07\/webeclipse-photo.png","datePublished":"2024-07-12T21:34:55+00:00","dateModified":"2025-05-05T14:28:56+00:00","description":"Kontaktid WEBECLIPSE'is. K\u00fcsi lisainfot meie veebiarenduse ja -disaini teenuste kohta. Oleme valmis aitama teie ideed ellu viia!","breadcrumb":{"@id":"https:\/\/webeclipse.ee\/et\/kontakt\/#breadcrumb"},"inLanguage":"et","potentialAction":[{"@type":"ReadAction","target":["https:\/\/webeclipse.ee\/et\/kontakt\/"]}]},{"@type":"ImageObject","inLanguage":"et","@id":"https:\/\/webeclipse.ee\/et\/kontakt\/#primaryimage","url":"https:\/\/webeclipse.ee\/wp-content\/uploads\/2024\/07\/webeclipse-photo.png","contentUrl":"https:\/\/webeclipse.ee\/wp-content\/uploads\/2024\/07\/webeclipse-photo.png","width":2560,"height":1920,"caption":"webeclipse photo"},{"@type":"BreadcrumbList","@id":"https:\/\/webeclipse.ee\/et\/kontakt\/#breadcrumb","itemListElement":[{"@type":"ListItem","position":1,"name":"Home","item":"https:\/\/webeclipse.ee\/et\/esileht\/"},{"@type":"ListItem","position":2,"name":"Kontakt"}]},{"@type":"WebSite","@id":"https:\/\/webeclipse.ee\/et\/#website","url":"https:\/\/webeclipse.ee\/et\/","name":"WEBECLIPSE","description":"Building Websites from Vision to Reality","publisher":{"@id":"https:\/\/webeclipse.ee\/et\/#organization"},"potentialAction":[{"@type":"SearchAction","target":{"@type":"EntryPoint","urlTemplate":"https:\/\/webeclipse.ee\/et\/?s={search_term_string}"},"query-input":{"@type":"PropertyValueSpecification","valueRequired":true,"valueName":"search_term_string"}}],"inLanguage":"et"},{"@type":"Organization","@id":"https:\/\/webeclipse.ee\/et\/#organization","name":"WEBECLIPSE O\u00dc","url":"https:\/\/webeclipse.ee\/et\/","logo":{"@type":"ImageObject","inLanguage":"et","@id":"https:\/\/webeclipse.ee\/et\/#\/schema\/logo\/image\/","url":"https:\/\/webeclipse.ee\/wp-content\/uploads\/2024\/07\/webeclipse-logo.png","contentUrl":"https:\/\/webeclipse.ee\/wp-content\/uploads\/2024\/07\/webeclipse-logo.png","width":701,"height":185,"caption":"WEBECLIPSE O\u00dc"},"image":{"@id":"https:\/\/webeclipse.ee\/et\/#\/schema\/logo\/image\/"},"sameAs":["https:\/\/www.instagram.com\/webeclipse.ee\/"],"publishingPrinciples":"https:\/\/webeclipse.ee\/home\/"}]}},"_links":{"self":[{"href":"https:\/\/webeclipse.ee\/et\/wp-json\/wp\/v2\/pages\/486","targetHints":{"allow":["GET"]}}],"collection":[{"href":"https:\/\/webeclipse.ee\/et\/wp-json\/wp\/v2\/pages"}],"about":[{"href":"https:\/\/webeclipse.ee\/et\/wp-json\/wp\/v2\/types\/page"}],"author":[{"embeddable":true,"href":"https:\/\/webeclipse.ee\/et\/wp-json\/wp\/v2\/users\/1"}],"replies":[{"embeddable":true,"href":"https:\/\/webeclipse.ee\/et\/wp-json\/wp\/v2\/comments?post=486"}],"version-history":[{"count":34,"href":"https:\/\/webeclipse.ee\/et\/wp-json\/wp\/v2\/pages\/486\/revisions"}],"predecessor-version":[{"id":1748,"href":"https:\/\/webeclipse.ee\/et\/wp-json\/wp\/v2\/pages\/486\/revisions\/1748"}],"wp:featuredmedia":[{"embeddable":true,"href":"https:\/\/webeclipse.ee\/et\/wp-json\/wp\/v2\/media\/843"}],"wp:attachment":[{"href":"https:\/\/webeclipse.ee\/et\/wp-json\/wp\/v2\/media?parent=486"}],"curies":[{"name":"wp","href":"https:\/\/api.w.org\/{rel}","templated":true}]}}