{"id":479,"date":"2024-07-07T23:15:44","date_gmt":"2024-07-07T20:15:44","guid":{"rendered":"https:\/\/webeclipse.ee\/support-and-security\/"},"modified":"2025-01-07T20:14:09","modified_gmt":"2025-01-07T17:14:09","slug":"turvalisus","status":"publish","type":"page","link":"https:\/\/webeclipse.ee\/et\/turvalisus\/","title":{"rendered":"Turvalisus"},"content":{"rendered":"\t\t<div data-elementor-type=\"wp-page\" data-elementor-id=\"479\" class=\"elementor elementor-479 elementor-140\" data-elementor-post-type=\"page\">\n\t\t\t\t\t\t<section class=\"elementor-section elementor-top-section elementor-element elementor-element-890586e elementor-section-boxed elementor-section-height-default elementor-section-height-default wpr-particle-no wpr-jarallax-no wpr-parallax-no wpr-sticky-section-no\" data-id=\"890586e\" data-element_type=\"section\" data-e-type=\"section\">\n\t\t\t\t\t\t<div class=\"elementor-container elementor-column-gap-default\">\n\t\t\t\t\t<div class=\"elementor-column elementor-col-100 elementor-top-column elementor-element elementor-element-be1d48e\" data-id=\"be1d48e\" data-element_type=\"column\" data-e-type=\"column\">\n\t\t\t<div class=\"elementor-widget-wrap elementor-element-populated\">\n\t\t\t\t\t\t<div class=\"elementor-element elementor-element-3347900 wpr-fancy-text-rotate-1 wpr-advanced-text-style-animated elementor-widget elementor-widget-wpr-advanced-text\" data-id=\"3347900\" data-element_type=\"widget\" data-e-type=\"widget\" data-widget_type=\"wpr-advanced-text.default\">\n\t\t\t\t<div class=\"elementor-widget-container\">\n\t\t\t\t\t\n\t\t<h1 class=\"wpr-advanced-text\">\n\n\t\t\t\t\t\n\t\t\t\t\t\t\t<span class=\"wpr-advanced-text-preffix\">VEEBILEHE <\/span>\n\t\t\t\n\t\t<span class=\"wpr-anim-text wpr-anim-text-type-rotate-1\" data-anim-duration=\"1000,5000\" data-anim-loop=\"\">\n\t\t\t<span class=\"wpr-anim-text-inner\">\n\t\t\t\t\t\t\t\t\t<b>TURVALISUS<\/b>\n\t\t\t\t\t\t\t<\/span>\n\t\t\t\t\t<\/span>\n\n\t\t\t\t\n\t\t<\/h1>\n\t\t\n\t\t\t\t\t\t<\/div>\n\t\t\t\t<\/div>\n\t\t\t\t<section class=\"elementor-section elementor-inner-section elementor-element elementor-element-61825bd elementor-section-boxed elementor-section-height-default elementor-section-height-default wpr-particle-no wpr-jarallax-no wpr-parallax-no wpr-sticky-section-no\" data-id=\"61825bd\" data-element_type=\"section\" data-e-type=\"section\">\n\t\t\t\t\t\t<div class=\"elementor-container elementor-column-gap-default\">\n\t\t\t\t\t<div class=\"elementor-column elementor-col-50 elementor-inner-column elementor-element elementor-element-a1c3ed6\" data-id=\"a1c3ed6\" data-element_type=\"column\" data-e-type=\"column\">\n\t\t\t<div class=\"elementor-widget-wrap elementor-element-populated\">\n\t\t\t\t\t\t<div class=\"elementor-element elementor-element-ad01319 elementor-widget elementor-widget-text-editor\" data-id=\"ad01319\" data-element_type=\"widget\" data-e-type=\"widget\" data-widget_type=\"text-editor.default\">\n\t\t\t\t<div class=\"elementor-widget-container\">\n\t\t\t\t\t\t\t\t\t<p>Me m\u00f5istame turvalise ja usaldusv\u00e4\u00e4rse veebisaidi olulisust.<\/p><p>Meie meeskond pakub terviklikke toe- ja turvateenuseid teie veebisaidi kaitsmiseks ja selle katkematu toimimise tagamiseks.<\/p><p>Olete siis v\u00e4ikeettev\u00f5te v\u00f5i suur ettev\u00f5te, meie personaalsed lahendused h\u00f5lmavad:<\/p>\t\t\t\t\t\t\t\t<\/div>\n\t\t\t\t<\/div>\n\t\t\t\t\t<\/div>\n\t\t<\/div>\n\t\t\t\t<div class=\"elementor-column elementor-col-50 elementor-inner-column elementor-element elementor-element-d695830\" data-id=\"d695830\" data-element_type=\"column\" data-e-type=\"column\">\n\t\t\t<div class=\"elementor-widget-wrap elementor-element-populated\">\n\t\t\t\t\t\t<div class=\"elementor-element elementor-element-c14a4ce wpr-lottie-svg elementor-widget elementor-widget-wpr-lottie-animations\" data-id=\"c14a4ce\" data-element_type=\"widget\" data-e-type=\"widget\" data-settings=\"{&quot;json_file&quot;:{&quot;url&quot;:&quot;https:\\\/\\\/webeclipse.ee\\\/wp-content\\\/uploads\\\/2024\\\/07\\\/Animation-1720358063349.json&quot;,&quot;id&quot;:57,&quot;size&quot;:&quot;&quot;,&quot;alt&quot;:&quot;&quot;,&quot;source&quot;:&quot;library&quot;},&quot;trigger&quot;:&quot;none&quot;}\" data-widget_type=\"wpr-lottie-animations.default\">\n\t\t\t\t<div class=\"elementor-widget-container\">\n\t\t\t\t\t<div class=\"wpr-lottie-animations-wrapper\"><div class=\"wpr-lottie-animations\" data-settings=\"{&quot;loop&quot;:&quot;yes&quot;,&quot;autoplay&quot;:&quot;yes&quot;,&quot;speed&quot;:1,&quot;trigger&quot;:&quot;none&quot;,&quot;reverse&quot;:&quot;&quot;,&quot;scroll_start&quot;:&quot;0&quot;,&quot;scroll_end&quot;:&quot;100&quot;,&quot;lottie_renderer&quot;:&quot;svg&quot;}\" data-json-url=\"https:\/\/webeclipse.ee\/wp-content\/uploads\/2024\/07\/Animation-1720358063349.json\"><\/div><\/div>\t\t\t\t<\/div>\n\t\t\t\t<\/div>\n\t\t\t\t\t<\/div>\n\t\t<\/div>\n\t\t\t\t\t<\/div>\n\t\t<\/section>\n\t\t\t\t<section class=\"elementor-section elementor-inner-section elementor-element elementor-element-7b2d5ae elementor-section-boxed elementor-section-height-default elementor-section-height-default wpr-particle-no wpr-jarallax-no wpr-parallax-no wpr-sticky-section-no\" data-id=\"7b2d5ae\" data-element_type=\"section\" data-e-type=\"section\">\n\t\t\t\t\t\t<div class=\"elementor-container elementor-column-gap-default\">\n\t\t\t\t\t<div class=\"elementor-column elementor-col-50 elementor-inner-column elementor-element elementor-element-d48e940\" data-id=\"d48e940\" data-element_type=\"column\" data-e-type=\"column\">\n\t\t\t<div class=\"elementor-widget-wrap elementor-element-populated\">\n\t\t\t\t\t\t<div class=\"elementor-element elementor-element-b3a19c3 elementor-widget elementor-widget-heading\" data-id=\"b3a19c3\" data-element_type=\"widget\" data-e-type=\"widget\" data-widget_type=\"heading.default\">\n\t\t\t\t<div class=\"elementor-widget-container\">\n\t\t\t\t\t<h2 class=\"elementor-heading-title elementor-size-default\">REGULAARNE UUENDAMINE\n<\/h2>\t\t\t\t<\/div>\n\t\t\t\t<\/div>\n\t\t\t\t<div class=\"elementor-element elementor-element-06bd78c elementor-widget elementor-widget-text-editor\" data-id=\"06bd78c\" data-element_type=\"widget\" data-e-type=\"widget\" data-widget_type=\"text-editor.default\">\n\t\t\t\t<div class=\"elementor-widget-container\">\n\t\t\t\t\t\t\t\t\t<p>Me pakume teie veebisaidi tarkvara, pluginate ja turvapaikade regulaarset ajakohastamist, et kaitsta haavatavuste eest ja tagada \u00fchilduvus uusimate tehnoloogiatega.<\/p>\t\t\t\t\t\t\t\t<\/div>\n\t\t\t\t<\/div>\n\t\t\t\t\t<\/div>\n\t\t<\/div>\n\t\t\t\t<div class=\"elementor-column elementor-col-50 elementor-inner-column elementor-element elementor-element-a0eb0a2\" data-id=\"a0eb0a2\" data-element_type=\"column\" data-e-type=\"column\">\n\t\t\t<div class=\"elementor-widget-wrap elementor-element-populated\">\n\t\t\t\t\t\t<div class=\"elementor-element elementor-element-0034cd4 elementor-widget elementor-widget-heading\" data-id=\"0034cd4\" data-element_type=\"widget\" data-e-type=\"widget\" data-widget_type=\"heading.default\">\n\t\t\t\t<div class=\"elementor-widget-container\">\n\t\t\t\t\t<h2 class=\"elementor-heading-title elementor-size-default\">J\u00c4LGIMINE JA HOOLDUS\n<\/h2>\t\t\t\t<\/div>\n\t\t\t\t<\/div>\n\t\t\t\t<div class=\"elementor-element elementor-element-91e8d46 elementor-widget elementor-widget-text-editor\" data-id=\"91e8d46\" data-element_type=\"widget\" data-e-type=\"widget\" data-widget_type=\"text-editor.default\">\n\t\t\t\t<div class=\"elementor-widget-container\">\n\t\t\t\t\t\t\t\t\t<p>Meie j\u00e4lgimisteenused tagavad pideva t\u00f6\u00f6kindluse. Me j\u00e4lgime veebisaidi liiklust, serveri t\u00f6\u00f6aega ja turvariske, et reageerida kiiresti tekkinud probleemidele.<\/p>\t\t\t\t\t\t\t\t<\/div>\n\t\t\t\t<\/div>\n\t\t\t\t\t<\/div>\n\t\t<\/div>\n\t\t\t\t\t<\/div>\n\t\t<\/section>\n\t\t\t\t<section class=\"elementor-section elementor-inner-section elementor-element elementor-element-5c661d9 elementor-section-boxed elementor-section-height-default elementor-section-height-default wpr-particle-no wpr-jarallax-no wpr-parallax-no wpr-sticky-section-no\" data-id=\"5c661d9\" data-element_type=\"section\" data-e-type=\"section\">\n\t\t\t\t\t\t<div class=\"elementor-container elementor-column-gap-default\">\n\t\t\t\t\t<div class=\"elementor-column elementor-col-50 elementor-inner-column elementor-element elementor-element-2095a9d\" data-id=\"2095a9d\" data-element_type=\"column\" data-e-type=\"column\">\n\t\t\t<div class=\"elementor-widget-wrap elementor-element-populated\">\n\t\t\t\t\t\t<div class=\"elementor-element elementor-element-ab2af9a elementor-widget elementor-widget-heading\" data-id=\"ab2af9a\" data-element_type=\"widget\" data-e-type=\"widget\" data-widget_type=\"heading.default\">\n\t\t\t\t<div class=\"elementor-widget-container\">\n\t\t\t\t\t<h2 class=\"elementor-heading-title elementor-size-default\">VARUNDAMINE JA TAASTAMINE\n<\/h2>\t\t\t\t<\/div>\n\t\t\t\t<\/div>\n\t\t\t\t<div class=\"elementor-element elementor-element-7f8ddfe elementor-widget elementor-widget-text-editor\" data-id=\"7f8ddfe\" data-element_type=\"widget\" data-e-type=\"widget\" data-widget_type=\"text-editor.default\">\n\t\t\t\t<div class=\"elementor-widget-container\">\n\t\t\t\t\t\t\t\t\t<p>\u041c\u044b rakendame usaldusv\u00e4\u00e4rseid varunduslahendusi teie veebisaidi andmete kaitseks. Andmete kaotuse v\u00f5i turvarikkumise korral tagavad meie taastamisprotokollid minimaalse seisakuaeg ja andmete tervikluse taastamise.<\/p>\t\t\t\t\t\t\t\t<\/div>\n\t\t\t\t<\/div>\n\t\t\t\t\t<\/div>\n\t\t<\/div>\n\t\t\t\t<div class=\"elementor-column elementor-col-50 elementor-inner-column elementor-element elementor-element-a6708ce\" data-id=\"a6708ce\" data-element_type=\"column\" data-e-type=\"column\">\n\t\t\t<div class=\"elementor-widget-wrap elementor-element-populated\">\n\t\t\t\t\t\t<div class=\"elementor-element elementor-element-e0b6127 elementor-widget elementor-widget-heading\" data-id=\"e0b6127\" data-element_type=\"widget\" data-e-type=\"widget\" data-widget_type=\"heading.default\">\n\t\t\t\t<div class=\"elementor-widget-container\">\n\t\t\t\t\t<h2 class=\"elementor-heading-title elementor-size-default\">TURVALISUS<\/h2>\t\t\t\t<\/div>\n\t\t\t\t<\/div>\n\t\t\t\t<div class=\"elementor-element elementor-element-adaca1d elementor-widget elementor-widget-text-editor\" data-id=\"adaca1d\" data-element_type=\"widget\" data-e-type=\"widget\" data-widget_type=\"text-editor.default\">\n\t\t\t\t<div class=\"elementor-widget-container\">\n\t\t\t\t\t\t\t\t\t<p>Me kasutame t\u00f6\u00f6stuse juhtivaid tavasid ja turvameetmeid teie veebisaidi kaitsmiseks k\u00fcberr\u00fcnnakute eest, sealhulgas pahavara, h\u00e4kkimiskatseid ja volitamata juurdep\u00e4\u00e4su. Me seadistame tulem\u00fc\u00fcrid, paigaldame SSL-sertifikaadid ja paneme teie veebisaidi turvalisuse esikohale.<\/p>\t\t\t\t\t\t\t\t<\/div>\n\t\t\t\t<\/div>\n\t\t\t\t\t<\/div>\n\t\t<\/div>\n\t\t\t\t\t<\/div>\n\t\t<\/section>\n\t\t\t\t<section class=\"elementor-section elementor-inner-section elementor-element elementor-element-445ff01 elementor-section-boxed elementor-section-height-default elementor-section-height-default wpr-particle-no wpr-jarallax-no wpr-parallax-no wpr-sticky-section-no\" data-id=\"445ff01\" data-element_type=\"section\" data-e-type=\"section\">\n\t\t\t\t\t\t<div class=\"elementor-container elementor-column-gap-default\">\n\t\t\t\t\t<div class=\"elementor-column elementor-col-50 elementor-inner-column elementor-element elementor-element-60fea91\" data-id=\"60fea91\" data-element_type=\"column\" data-e-type=\"column\">\n\t\t\t<div class=\"elementor-widget-wrap elementor-element-populated\">\n\t\t\t\t\t\t<div class=\"elementor-element elementor-element-87ea654 elementor-widget elementor-widget-heading\" data-id=\"87ea654\" data-element_type=\"widget\" data-e-type=\"widget\" data-widget_type=\"heading.default\">\n\t\t\t\t<div class=\"elementor-widget-container\">\n\t\t\t\t\t<h2 class=\"elementor-heading-title elementor-size-default\">KONSULTATSIOON JA TUGI\n<\/h2>\t\t\t\t<\/div>\n\t\t\t\t<\/div>\n\t\t\t\t<div class=\"elementor-element elementor-element-b1c32ea elementor-widget elementor-widget-text-editor\" data-id=\"b1c32ea\" data-element_type=\"widget\" data-e-type=\"widget\" data-widget_type=\"text-editor.default\">\n\t\t\t\t<div class=\"elementor-widget-container\">\n\t\t\t\t\t\t\t\t\t<p>Meie meeskond pakub konsultatsiooni ja tuge, et lahendada teie konkreetseid vajadusi ja k\u00fcsimusi. Olgu selleks k\u00fcsimused turvaprotokollide kohta v\u00f5i vajadus tehnilise toe j\u00e4rele, oleme alati valmis abistama.<\/p>\t\t\t\t\t\t\t\t<\/div>\n\t\t\t\t<\/div>\n\t\t\t\t\t<\/div>\n\t\t<\/div>\n\t\t\t\t<div class=\"elementor-column elementor-col-50 elementor-inner-column elementor-element elementor-element-6735bea\" data-id=\"6735bea\" data-element_type=\"column\" data-e-type=\"column\">\n\t\t\t<div class=\"elementor-widget-wrap\">\n\t\t\t\t\t\t\t<\/div>\n\t\t<\/div>\n\t\t\t\t\t<\/div>\n\t\t<\/section>\n\t\t\t\t<section class=\"elementor-section elementor-inner-section elementor-element elementor-element-bf2d28d elementor-section-boxed elementor-section-height-default elementor-section-height-default wpr-particle-no wpr-jarallax-no wpr-parallax-no wpr-sticky-section-no\" data-id=\"bf2d28d\" data-element_type=\"section\" data-e-type=\"section\">\n\t\t\t\t\t\t<div class=\"elementor-container elementor-column-gap-default\">\n\t\t\t\t\t<div class=\"elementor-column elementor-col-100 elementor-inner-column elementor-element elementor-element-dc98760\" data-id=\"dc98760\" data-element_type=\"column\" data-e-type=\"column\">\n\t\t\t<div class=\"elementor-widget-wrap elementor-element-populated\">\n\t\t\t\t\t\t<div class=\"elementor-element elementor-element-8e85b3d elementor-widget elementor-widget-text-editor\" data-id=\"8e85b3d\" data-element_type=\"widget\" data-e-type=\"widget\" data-widget_type=\"text-editor.default\">\n\t\t\t\t<div class=\"elementor-widget-container\">\n\t\t\t\t\t\t\t\t\t<p>Tagage oma veebisaidi turvalisus ja katkematu t\u00f6\u00f6 meie usaldusv\u00e4\u00e4rsete toe- ja turvateenuste abil. V\u00f5tke meiega t\u00e4na \u00fchendust, et arutada, kuidas me saame teie veebisaiti kaitsta ja suurendada teie meelerahu.<\/p>\t\t\t\t\t\t\t\t<\/div>\n\t\t\t\t<\/div>\n\t\t\t\t<div class=\"elementor-element elementor-element-8d69b5b elementor-align-center elementor-mobile-align-center elementor-widget elementor-widget-button\" data-id=\"8d69b5b\" data-element_type=\"widget\" data-e-type=\"widget\" data-widget_type=\"button.default\">\n\t\t\t\t<div class=\"elementor-widget-container\">\n\t\t\t\t\t\t\t\t\t<div class=\"elementor-button-wrapper\">\n\t\t\t\t\t<a class=\"elementor-button elementor-button-link elementor-size-sm\" href=\"https:\/\/webeclipse.ee\/et\/contact\/\">\n\t\t\t\t\t\t<span class=\"elementor-button-content-wrapper\">\n\t\t\t\t\t\t\t\t\t<span class=\"elementor-button-text\">V\u00f5tke \u00fchendust<\/span>\n\t\t\t\t\t<\/span>\n\t\t\t\t\t<\/a>\n\t\t\t\t<\/div>\n\t\t\t\t\t\t\t\t<\/div>\n\t\t\t\t<\/div>\n\t\t\t\t\t<\/div>\n\t\t<\/div>\n\t\t\t\t\t<\/div>\n\t\t<\/section>\n\t\t\t\t\t<\/div>\n\t\t<\/div>\n\t\t\t\t\t<\/div>\n\t\t<\/section>\n\t\t\t\t<\/div>\n\t\t","protected":false},"excerpt":{"rendered":"<p>VEEBILEHE TURVALISUS Me m\u00f5istame turvalise ja usaldusv\u00e4\u00e4rse veebisaidi olulisust. Meie meeskond pakub terviklikke toe- ja turvateenuseid teie veebisaidi kaitsmiseks ja selle katkematu toimimise tagamiseks. Olete siis v\u00e4ikeettev\u00f5te v\u00f5i suur ettev\u00f5te, meie personaalsed lahendused h\u00f5lmavad: REGULAARNE UUENDAMINE Me pakume teie veebisaidi tarkvara, pluginate ja turvapaikade regulaarset ajakohastamist, et kaitsta haavatavuste eest ja tagada \u00fchilduvus uusimate tehnoloogiatega. J\u00c4LGIMINE JA HOOLDUS Meie j\u00e4lgimisteenused tagavad pideva t\u00f6\u00f6kindluse. Me j\u00e4lgime veebisaidi liiklust, serveri t\u00f6\u00f6aega ja turvariske, et reageerida kiiresti tekkinud probleemidele. VARUNDAMINE JA TAASTAMINE \u041c\u044b rakendame usaldusv\u00e4\u00e4rseid varunduslahendusi teie veebisaidi andmete kaitseks. Andmete kaotuse v\u00f5i turvarikkumise korral tagavad meie taastamisprotokollid minimaalse seisakuaeg ja andmete tervikluse taastamise. TURVALISUS Me kasutame t\u00f6\u00f6stuse juhtivaid tavasid ja turvameetmeid teie veebisaidi kaitsmiseks k\u00fcberr\u00fcnnakute eest, sealhulgas pahavara, h\u00e4kkimiskatseid ja volitamata juurdep\u00e4\u00e4su. Me seadistame tulem\u00fc\u00fcrid, paigaldame SSL-sertifikaadid ja paneme teie veebisaidi turvalisuse esikohale. KONSULTATSIOON JA TUGI Meie meeskond pakub konsultatsiooni ja tuge, et lahendada teie konkreetseid vajadusi ja k\u00fcsimusi. Olgu selleks k\u00fcsimused turvaprotokollide kohta v\u00f5i vajadus tehnilise toe j\u00e4rele, oleme alati valmis abistama. Tagage oma veebisaidi turvalisus ja katkematu t\u00f6\u00f6 meie usaldusv\u00e4\u00e4rsete toe- ja turvateenuste abil. V\u00f5tke meiega t\u00e4na \u00fchendust, et arutada, kuidas me saame teie veebisaiti kaitsta ja suurendada teie meelerahu. V\u00f5tke \u00fchendust<\/p>\n","protected":false},"author":1,"featured_media":843,"parent":0,"menu_order":0,"comment_status":"closed","ping_status":"closed","template":"","meta":{"footnotes":""},"class_list":["post-479","page","type-page","status-publish","has-post-thumbnail","hentry"],"yoast_head":"<!-- This site is optimized with the Yoast SEO Premium plugin v23.0 (Yoast SEO v27.3) - https:\/\/yoast.com\/product\/yoast-seo-premium-wordpress\/ -->\n<title>Veebisaitide Turvalisus | WEBECLIPSE<\/title>\n<meta name=\"description\" content=\"Tagame andmete kaitse ja teie saidi sujuva t\u00f6\u00f6. V\u00f5tke meiega \u00fchendust konsultatsiooniks!\" \/>\n<meta name=\"robots\" content=\"index, follow, max-snippet:-1, max-image-preview:large, max-video-preview:-1\" \/>\n<link rel=\"canonical\" href=\"https:\/\/webeclipse.ee\/et\/turvalisus\/\" \/>\n<meta property=\"og:locale\" content=\"et_EE\" \/>\n<meta property=\"og:type\" content=\"article\" \/>\n<meta property=\"og:title\" content=\"Turvalisus\" \/>\n<meta property=\"og:description\" content=\"Tagame andmete kaitse ja teie saidi sujuva t\u00f6\u00f6. V\u00f5tke meiega \u00fchendust konsultatsiooniks!\" \/>\n<meta property=\"og:url\" content=\"https:\/\/webeclipse.ee\/et\/turvalisus\/\" \/>\n<meta property=\"og:site_name\" content=\"WEBECLIPSE\" \/>\n<meta property=\"article:modified_time\" content=\"2025-01-07T17:14:09+00:00\" \/>\n<meta property=\"og:image\" content=\"https:\/\/webeclipse.ee\/wp-content\/uploads\/2024\/07\/webeclipse-photo-1024x768.png\" \/>\n\t<meta property=\"og:image:width\" content=\"1024\" \/>\n\t<meta property=\"og:image:height\" content=\"768\" \/>\n\t<meta property=\"og:image:type\" content=\"image\/png\" \/>\n<meta name=\"twitter:card\" content=\"summary_large_image\" \/>\n<meta name=\"twitter:label1\" content=\"Est. reading time\" \/>\n\t<meta name=\"twitter:data1\" content=\"2 minutit\" \/>\n<script type=\"application\/ld+json\" class=\"yoast-schema-graph\">{\"@context\":\"https:\\\/\\\/schema.org\",\"@graph\":[{\"@type\":\"WebPage\",\"@id\":\"https:\\\/\\\/webeclipse.ee\\\/et\\\/turvalisus\\\/\",\"url\":\"https:\\\/\\\/webeclipse.ee\\\/et\\\/turvalisus\\\/\",\"name\":\"Veebisaitide Turvalisus | WEBECLIPSE\",\"isPartOf\":{\"@id\":\"https:\\\/\\\/webeclipse.ee\\\/et\\\/#website\"},\"primaryImageOfPage\":{\"@id\":\"https:\\\/\\\/webeclipse.ee\\\/et\\\/turvalisus\\\/#primaryimage\"},\"image\":{\"@id\":\"https:\\\/\\\/webeclipse.ee\\\/et\\\/turvalisus\\\/#primaryimage\"},\"thumbnailUrl\":\"https:\\\/\\\/webeclipse.ee\\\/wp-content\\\/uploads\\\/2024\\\/07\\\/webeclipse-photo.png\",\"datePublished\":\"2024-07-07T20:15:44+00:00\",\"dateModified\":\"2025-01-07T17:14:09+00:00\",\"description\":\"Tagame andmete kaitse ja teie saidi sujuva t\u00f6\u00f6. V\u00f5tke meiega \u00fchendust konsultatsiooniks!\",\"breadcrumb\":{\"@id\":\"https:\\\/\\\/webeclipse.ee\\\/et\\\/turvalisus\\\/#breadcrumb\"},\"inLanguage\":\"et\",\"potentialAction\":[{\"@type\":\"ReadAction\",\"target\":[\"https:\\\/\\\/webeclipse.ee\\\/et\\\/turvalisus\\\/\"]}]},{\"@type\":\"ImageObject\",\"inLanguage\":\"et\",\"@id\":\"https:\\\/\\\/webeclipse.ee\\\/et\\\/turvalisus\\\/#primaryimage\",\"url\":\"https:\\\/\\\/webeclipse.ee\\\/wp-content\\\/uploads\\\/2024\\\/07\\\/webeclipse-photo.png\",\"contentUrl\":\"https:\\\/\\\/webeclipse.ee\\\/wp-content\\\/uploads\\\/2024\\\/07\\\/webeclipse-photo.png\",\"width\":2560,\"height\":1920,\"caption\":\"webeclipse photo\"},{\"@type\":\"BreadcrumbList\",\"@id\":\"https:\\\/\\\/webeclipse.ee\\\/et\\\/turvalisus\\\/#breadcrumb\",\"itemListElement\":[{\"@type\":\"ListItem\",\"position\":1,\"name\":\"Home\",\"item\":\"https:\\\/\\\/webeclipse.ee\\\/et\\\/esileht\\\/\"},{\"@type\":\"ListItem\",\"position\":2,\"name\":\"Turvalisus\"}]},{\"@type\":\"WebSite\",\"@id\":\"https:\\\/\\\/webeclipse.ee\\\/et\\\/#website\",\"url\":\"https:\\\/\\\/webeclipse.ee\\\/et\\\/\",\"name\":\"WEBECLIPSE\",\"description\":\"Building Websites from Vision to Reality\",\"publisher\":{\"@id\":\"https:\\\/\\\/webeclipse.ee\\\/et\\\/#organization\"},\"potentialAction\":[{\"@type\":\"SearchAction\",\"target\":{\"@type\":\"EntryPoint\",\"urlTemplate\":\"https:\\\/\\\/webeclipse.ee\\\/et\\\/?s={search_term_string}\"},\"query-input\":{\"@type\":\"PropertyValueSpecification\",\"valueRequired\":true,\"valueName\":\"search_term_string\"}}],\"inLanguage\":\"et\"},{\"@type\":\"Organization\",\"@id\":\"https:\\\/\\\/webeclipse.ee\\\/et\\\/#organization\",\"name\":\"WEBECLIPSE O\u00dc\",\"url\":\"https:\\\/\\\/webeclipse.ee\\\/et\\\/\",\"logo\":{\"@type\":\"ImageObject\",\"inLanguage\":\"et\",\"@id\":\"https:\\\/\\\/webeclipse.ee\\\/et\\\/#\\\/schema\\\/logo\\\/image\\\/\",\"url\":\"https:\\\/\\\/webeclipse.ee\\\/wp-content\\\/uploads\\\/2024\\\/07\\\/webeclipse-logo.png\",\"contentUrl\":\"https:\\\/\\\/webeclipse.ee\\\/wp-content\\\/uploads\\\/2024\\\/07\\\/webeclipse-logo.png\",\"width\":701,\"height\":185,\"caption\":\"WEBECLIPSE O\u00dc\"},\"image\":{\"@id\":\"https:\\\/\\\/webeclipse.ee\\\/et\\\/#\\\/schema\\\/logo\\\/image\\\/\"},\"sameAs\":[\"https:\\\/\\\/www.instagram.com\\\/webeclipse.ee\\\/\"],\"publishingPrinciples\":\"https:\\\/\\\/webeclipse.ee\\\/home\\\/\"}]}<\/script>\n<!-- \/ Yoast SEO Premium plugin. -->","yoast_head_json":{"title":"Veebisaitide Turvalisus | WEBECLIPSE","description":"Tagame andmete kaitse ja teie saidi sujuva t\u00f6\u00f6. V\u00f5tke meiega \u00fchendust konsultatsiooniks!","robots":{"index":"index","follow":"follow","max-snippet":"max-snippet:-1","max-image-preview":"max-image-preview:large","max-video-preview":"max-video-preview:-1"},"canonical":"https:\/\/webeclipse.ee\/et\/turvalisus\/","og_locale":"et_EE","og_type":"article","og_title":"Turvalisus","og_description":"Tagame andmete kaitse ja teie saidi sujuva t\u00f6\u00f6. V\u00f5tke meiega \u00fchendust konsultatsiooniks!","og_url":"https:\/\/webeclipse.ee\/et\/turvalisus\/","og_site_name":"WEBECLIPSE","article_modified_time":"2025-01-07T17:14:09+00:00","og_image":[{"width":1024,"height":768,"url":"https:\/\/webeclipse.ee\/wp-content\/uploads\/2024\/07\/webeclipse-photo-1024x768.png","type":"image\/png"}],"twitter_card":"summary_large_image","twitter_misc":{"Est. reading time":"2 minutit"},"schema":{"@context":"https:\/\/schema.org","@graph":[{"@type":"WebPage","@id":"https:\/\/webeclipse.ee\/et\/turvalisus\/","url":"https:\/\/webeclipse.ee\/et\/turvalisus\/","name":"Veebisaitide Turvalisus | WEBECLIPSE","isPartOf":{"@id":"https:\/\/webeclipse.ee\/et\/#website"},"primaryImageOfPage":{"@id":"https:\/\/webeclipse.ee\/et\/turvalisus\/#primaryimage"},"image":{"@id":"https:\/\/webeclipse.ee\/et\/turvalisus\/#primaryimage"},"thumbnailUrl":"https:\/\/webeclipse.ee\/wp-content\/uploads\/2024\/07\/webeclipse-photo.png","datePublished":"2024-07-07T20:15:44+00:00","dateModified":"2025-01-07T17:14:09+00:00","description":"Tagame andmete kaitse ja teie saidi sujuva t\u00f6\u00f6. V\u00f5tke meiega \u00fchendust konsultatsiooniks!","breadcrumb":{"@id":"https:\/\/webeclipse.ee\/et\/turvalisus\/#breadcrumb"},"inLanguage":"et","potentialAction":[{"@type":"ReadAction","target":["https:\/\/webeclipse.ee\/et\/turvalisus\/"]}]},{"@type":"ImageObject","inLanguage":"et","@id":"https:\/\/webeclipse.ee\/et\/turvalisus\/#primaryimage","url":"https:\/\/webeclipse.ee\/wp-content\/uploads\/2024\/07\/webeclipse-photo.png","contentUrl":"https:\/\/webeclipse.ee\/wp-content\/uploads\/2024\/07\/webeclipse-photo.png","width":2560,"height":1920,"caption":"webeclipse photo"},{"@type":"BreadcrumbList","@id":"https:\/\/webeclipse.ee\/et\/turvalisus\/#breadcrumb","itemListElement":[{"@type":"ListItem","position":1,"name":"Home","item":"https:\/\/webeclipse.ee\/et\/esileht\/"},{"@type":"ListItem","position":2,"name":"Turvalisus"}]},{"@type":"WebSite","@id":"https:\/\/webeclipse.ee\/et\/#website","url":"https:\/\/webeclipse.ee\/et\/","name":"WEBECLIPSE","description":"Building Websites from Vision to Reality","publisher":{"@id":"https:\/\/webeclipse.ee\/et\/#organization"},"potentialAction":[{"@type":"SearchAction","target":{"@type":"EntryPoint","urlTemplate":"https:\/\/webeclipse.ee\/et\/?s={search_term_string}"},"query-input":{"@type":"PropertyValueSpecification","valueRequired":true,"valueName":"search_term_string"}}],"inLanguage":"et"},{"@type":"Organization","@id":"https:\/\/webeclipse.ee\/et\/#organization","name":"WEBECLIPSE O\u00dc","url":"https:\/\/webeclipse.ee\/et\/","logo":{"@type":"ImageObject","inLanguage":"et","@id":"https:\/\/webeclipse.ee\/et\/#\/schema\/logo\/image\/","url":"https:\/\/webeclipse.ee\/wp-content\/uploads\/2024\/07\/webeclipse-logo.png","contentUrl":"https:\/\/webeclipse.ee\/wp-content\/uploads\/2024\/07\/webeclipse-logo.png","width":701,"height":185,"caption":"WEBECLIPSE O\u00dc"},"image":{"@id":"https:\/\/webeclipse.ee\/et\/#\/schema\/logo\/image\/"},"sameAs":["https:\/\/www.instagram.com\/webeclipse.ee\/"],"publishingPrinciples":"https:\/\/webeclipse.ee\/home\/"}]}},"_links":{"self":[{"href":"https:\/\/webeclipse.ee\/et\/wp-json\/wp\/v2\/pages\/479","targetHints":{"allow":["GET"]}}],"collection":[{"href":"https:\/\/webeclipse.ee\/et\/wp-json\/wp\/v2\/pages"}],"about":[{"href":"https:\/\/webeclipse.ee\/et\/wp-json\/wp\/v2\/types\/page"}],"author":[{"embeddable":true,"href":"https:\/\/webeclipse.ee\/et\/wp-json\/wp\/v2\/users\/1"}],"replies":[{"embeddable":true,"href":"https:\/\/webeclipse.ee\/et\/wp-json\/wp\/v2\/comments?post=479"}],"version-history":[{"count":17,"href":"https:\/\/webeclipse.ee\/et\/wp-json\/wp\/v2\/pages\/479\/revisions"}],"predecessor-version":[{"id":1473,"href":"https:\/\/webeclipse.ee\/et\/wp-json\/wp\/v2\/pages\/479\/revisions\/1473"}],"wp:featuredmedia":[{"embeddable":true,"href":"https:\/\/webeclipse.ee\/et\/wp-json\/wp\/v2\/media\/843"}],"wp:attachment":[{"href":"https:\/\/webeclipse.ee\/et\/wp-json\/wp\/v2\/media?parent=479"}],"curies":[{"name":"wp","href":"https:\/\/api.w.org\/{rel}","templated":true}]}}